{"id":248,"date":"2025-11-05T20:51:50","date_gmt":"2025-11-05T19:51:50","guid":{"rendered":"https:\/\/yogaauszeit.net\/?page_id=248"},"modified":"2026-04-21T21:18:33","modified_gmt":"2026-04-21T19:18:33","slug":"kurse","status":"publish","type":"page","link":"https:\/\/yogaauszeit.net\/index.php\/kurse\/","title":{"rendered":"Kurse"},"content":{"rendered":"\n<p><\/p>\n\n\n\n<h2 class=\"wp-block-heading\">\ud83e\uddd8\u200d\u2640\ufe0f <strong>Sanfter Yoga Flow<\/strong> <\/h2>\n\n\n\n<p><strong>Wann: <\/strong>Immer Dienstag (auch in den Ferien)- Einstieg jederzeit m\u00f6glich!<\/p>\n\n\n\n<p><strong>Uhrzeit: <\/strong>17:30 &#8211; 18:45 Uhr (bitte sei ca. 10 Min. vor Kursbeginn da)<\/p>\n\n\n\n<p><strong>Wo: <\/strong>St. Josef Stift -F\u00f6rderst\u00e4tte Bewegungsraum (Michael Herberich Haus 8), Pfarrer-Robert-K\u00fcmmert-Str. 1, 97249 Eisingen <br>(Ort und Parkm\u00f6glichkeit: siehe Lageplan)<br><br><strong>Du bist herzlich willkommen, egal, ob du mit Yoga beginnen m\u00f6chtest, oder bereits<br>regelm\u00e4\u00dfig praktizierst<\/strong>!<\/p>\n\n\n\n<figure class=\"wp-block-image size-large is-resized\"><img loading=\"lazy\" decoding=\"async\" width=\"1024\" height=\"884\" src=\"https:\/\/yogaauszeit.net\/wp-content\/uploads\/2025\/11\/Wegbeschreibung-1024x884.jpg\" alt=\"\" class=\"wp-image-260\" style=\"width:613px;height:auto\" srcset=\"https:\/\/yogaauszeit.net\/wp-content\/uploads\/2025\/11\/Wegbeschreibung-1024x884.jpg 1024w, https:\/\/yogaauszeit.net\/wp-content\/uploads\/2025\/11\/Wegbeschreibung-300x259.jpg 300w, https:\/\/yogaauszeit.net\/wp-content\/uploads\/2025\/11\/Wegbeschreibung-768x663.jpg 768w, https:\/\/yogaauszeit.net\/wp-content\/uploads\/2025\/11\/Wegbeschreibung.jpg 1227w\" sizes=\"auto, (max-width: 1024px) 100vw, 1024px\" \/><\/figure>\n\n\n\n<p><\/p>\n\n\n\n<h2 class=\"wp-block-heading\"><strong>Preisliste<\/strong><\/h2>\n\n\n\n<ul class=\"wp-block-list\">\n<li><strong>Schnupperstunde: 10 \u20ac<\/strong><\/li>\n\n\n\n<li><strong>5er-Karte (3 Monate g\u00fcltig): 60 \u20ac<\/strong><\/li>\n\n\n\n<li><strong>10er-Karte (4 Monate g\u00fcltig): 110 \u20ac<\/strong><\/li>\n<\/ul>\n\n\n\n<p><em><strong>Bitte den Betrag m\u00f6glichst bar mitbringen. Alternativ ist auch PayPal m\u00f6glich.<\/strong><\/em><\/p>\n\n\n\n<p><em><strong>Wichtiger Hinweis:<\/strong><\/em><strong><em> <\/em><\/strong><strong><em>Der Yoga-Kurs richtet sich derzeit an externe Teilnehmende sowie Mitarbeitende des St.Josef-Stifts.<br>Langfristig k\u00f6nnte aber ein erg\u00e4nzendes Angebot&nbsp;f\u00fcr die Bewohner der Einrichtung entstehen.<\/em><\/strong><br><em><strong>Bei Fragen melde dich gerne bei mir. <\/strong><\/em><\/p>\n\n\n\n<p><\/p>\n\n\n\n<h2 class=\"wp-block-heading\"><strong>Anmeldung<\/strong><\/h2>\n\n\n\n<p><strong>Um besser planen zu k\u00f6nnen, w\u00fcrde ich dich bitten, mir mindestens 3 Std. vor Kursbeginn eine <br>kurze Nachricht \u00fcber <\/strong><a href=\"mailto:info@yogaauszeit.net\">info@yogaauszeit.net<\/a><strong> <\/strong><strong>oder das Kontaktformular zukommen zu lassen.<\/strong><\/p>\n\n\n\n<p><strong>Ich freue mich auf Dich&#8230;<\/strong><\/p>\n\n\n\n<p><\/p>\n\n\n\n<p><\/p>\n\n\n\n<p><\/p>\n","protected":false},"excerpt":{"rendered":"<p>\ud83e\uddd8\u200d\u2640\ufe0f Sanfter Yoga Flow Wann: Immer Dienstag (auch in den Ferien)- Einstieg jederzeit m\u00f6glich! Uhrzeit: 17:30 &#8211; 18:45 Uhr (bitte [&hellip;]<\/p>\n","protected":false},"author":1,"featured_media":0,"parent":0,"menu_order":0,"comment_status":"closed","ping_status":"closed","template":"","meta":{"site-sidebar-layout":"default","site-content-layout":"","ast-site-content-layout":"default","site-content-style":"default","site-sidebar-style":"default","ast-global-header-display":"","ast-banner-title-visibility":"","ast-main-header-display":"","ast-hfb-above-header-display":"","ast-hfb-below-header-display":"","ast-hfb-mobile-header-display":"","site-post-title":"disabled","ast-breadcrumbs-content":"","ast-featured-img":"","footer-sml-layout":"","ast-disable-related-posts":"","theme-transparent-header-meta":"","adv-header-id-meta":"","stick-header-meta":"","header-above-stick-meta":"","header-main-stick-meta":"","header-below-stick-meta":"","astra-migrate-meta-layouts":"default","ast-page-background-enabled":"default","ast-page-background-meta":{"desktop":{"background-color":"var(--ast-global-color-5)","background-image":"","background-repeat":"repeat","background-position":"center center","background-size":"auto","background-attachment":"scroll","background-type":"","background-media":"","overlay-type":"","overlay-color":"","overlay-opacity":"","overlay-gradient":""},"tablet":{"background-color":"","background-image":"","background-repeat":"repeat","background-position":"center center","background-size":"auto","background-attachment":"scroll","background-type":"","background-media":"","overlay-type":"","overlay-color":"","overlay-opacity":"","overlay-gradient":""},"mobile":{"background-color":"","background-image":"","background-repeat":"repeat","background-position":"center center","background-size":"auto","background-attachment":"scroll","background-type":"","background-media":"","overlay-type":"","overlay-color":"","overlay-opacity":"","overlay-gradient":""}},"ast-content-background-meta":{"desktop":{"background-color":"var(--ast-global-color-4)","background-image":"","background-repeat":"repeat","background-position":"center center","background-size":"auto","background-attachment":"scroll","background-type":"","background-media":"","overlay-type":"","overlay-color":"","overlay-opacity":"","overlay-gradient":""},"tablet":{"background-color":"var(--ast-global-color-4)","background-image":"","background-repeat":"repeat","background-position":"center center","background-size":"auto","background-attachment":"scroll","background-type":"","background-media":"","overlay-type":"","overlay-color":"","overlay-opacity":"","overlay-gradient":""},"mobile":{"background-color":"var(--ast-global-color-4)","background-image":"","background-repeat":"repeat","background-position":"center center","background-size":"auto","background-attachment":"scroll","background-type":"","background-media":"","overlay-type":"","overlay-color":"","overlay-opacity":"","overlay-gradient":""}},"footnotes":""},"class_list":["post-248","page","type-page","status-publish","hentry"],"_links":{"self":[{"href":"https:\/\/yogaauszeit.net\/index.php\/wp-json\/wp\/v2\/pages\/248","targetHints":{"allow":["GET"]}}],"collection":[{"href":"https:\/\/yogaauszeit.net\/index.php\/wp-json\/wp\/v2\/pages"}],"about":[{"href":"https:\/\/yogaauszeit.net\/index.php\/wp-json\/wp\/v2\/types\/page"}],"author":[{"embeddable":true,"href":"https:\/\/yogaauszeit.net\/index.php\/wp-json\/wp\/v2\/users\/1"}],"replies":[{"embeddable":true,"href":"https:\/\/yogaauszeit.net\/index.php\/wp-json\/wp\/v2\/comments?post=248"}],"version-history":[{"count":46,"href":"https:\/\/yogaauszeit.net\/index.php\/wp-json\/wp\/v2\/pages\/248\/revisions"}],"predecessor-version":[{"id":383,"href":"https:\/\/yogaauszeit.net\/index.php\/wp-json\/wp\/v2\/pages\/248\/revisions\/383"}],"wp:attachment":[{"href":"https:\/\/yogaauszeit.net\/index.php\/wp-json\/wp\/v2\/media?parent=248"}],"curies":[{"name":"wp","href":"https:\/\/api.w.org\/{rel}","templated":true}]}}