{"id":39,"date":"2025-10-10T20:45:56","date_gmt":"2025-10-10T18:45:56","guid":{"rendered":"http:\/\/82.165.175.224\/?page_id=39"},"modified":"2026-04-21T21:20:00","modified_gmt":"2026-04-21T19:20:00","slug":"home","status":"publish","type":"page","link":"https:\/\/yogaauszeit.net\/","title":{"rendered":"Home"},"content":{"rendered":"\n<p><\/p>\n\n\n\n<div class=\"wp-block-cover alignfull is-light\" style=\"min-height:717px;aspect-ratio:unset;\"><img loading=\"lazy\" decoding=\"async\" width=\"2560\" height=\"1707\" class=\"wp-block-cover__image-background wp-image-41 size-full\" alt=\"\" src=\"https:\/\/yogaauszeit.net\/wp-content\/uploads\/2025\/10\/Steine-1-scaled.jpg\" style=\"object-position:47% 82%\" data-object-fit=\"cover\" data-object-position=\"47% 82%\" srcset=\"https:\/\/yogaauszeit.net\/wp-content\/uploads\/2025\/10\/Steine-1-scaled.jpg 2560w, https:\/\/yogaauszeit.net\/wp-content\/uploads\/2025\/10\/Steine-1-300x200.jpg 300w, https:\/\/yogaauszeit.net\/wp-content\/uploads\/2025\/10\/Steine-1-1024x683.jpg 1024w, https:\/\/yogaauszeit.net\/wp-content\/uploads\/2025\/10\/Steine-1-768x512.jpg 768w, https:\/\/yogaauszeit.net\/wp-content\/uploads\/2025\/10\/Steine-1-1536x1024.jpg 1536w, https:\/\/yogaauszeit.net\/wp-content\/uploads\/2025\/10\/Steine-1-2048x1365.jpg 2048w\" sizes=\"auto, (max-width: 2560px) 100vw, 2560px\" \/><span aria-hidden=\"true\" class=\"wp-block-cover__background has-background-dim-0 has-background-dim\" style=\"background-color:#a69e99\"><\/span><div class=\"wp-block-cover__inner-container is-layout-flow wp-block-cover-is-layout-flow\">\n<figure class=\"wp-block-image aligncenter size-thumbnail is-resized\" style=\"margin-top:0;margin-bottom:0\"><img loading=\"lazy\" decoding=\"async\" width=\"150\" height=\"150\" src=\"https:\/\/yogaauszeit.net\/wp-content\/uploads\/2025\/10\/Schmetterling-150x150.png\" alt=\"\" class=\"wp-image-79\" style=\"width:250px\" srcset=\"https:\/\/yogaauszeit.net\/wp-content\/uploads\/2025\/10\/Schmetterling-150x150.png 150w, https:\/\/yogaauszeit.net\/wp-content\/uploads\/2025\/10\/Schmetterling-300x300.png 300w, https:\/\/yogaauszeit.net\/wp-content\/uploads\/2025\/10\/Schmetterling-768x768.png 768w, https:\/\/yogaauszeit.net\/wp-content\/uploads\/2025\/10\/Schmetterling.png 1024w\" sizes=\"auto, (max-width: 150px) 100vw, 150px\" \/><\/figure>\n\n\n\n<h1 class=\"wp-block-heading has-text-align-center has-ast-global-color-4-color has-text-color has-link-color wp-elements-94c0b4682177f0a4b46f2755587f456e\" style=\"font-size:42px\"><strong>yogaAuszeit<\/strong><\/h1>\n\n\n\n<p><\/p>\n\n\n\n<div class=\"wp-block-buttons is-horizontal is-content-justification-center is-layout-flex wp-container-core-buttons-is-layout-2ad8bed4 wp-block-buttons-is-layout-flex\" style=\"padding-top:var(--wp--preset--spacing--50);padding-bottom:var(--wp--preset--spacing--50)\">\n<div class=\"wp-block-button is-style-outline is-style-outline--1\"><a class=\"wp-block-button__link has-ast-global-color-4-color has-text-color has-background has-link-color has-medium-font-size has-text-align-right has-custom-font-size wp-element-button\" href=\"\/index.php\/kurse\/\" style=\"background-color:#ffffff00\">Kurse <\/a><\/div>\n\n\n\n<div class=\"wp-block-button is-style-outline is-style-outline--2\"><a class=\"wp-block-button__link has-ast-global-color-4-color has-text-color has-background has-link-color has-medium-font-size has-custom-font-size wp-element-button\" href=\"\/index.php\/kontakt\" style=\"background-color:#ffffff00\"><strong>Kontakt<\/strong><\/a><\/div>\n<\/div>\n<\/div><\/div>\n\n\n\n<p><\/p>\n\n\n\n<div class=\"wp-block-media-text alignwide is-stacked-on-mobile is-vertically-aligned-center is-image-fill-element is-style-default has-background\" style=\"border-style:none;border-width:0px;background-color:#d1d1d1cc;margin-top:0;margin-right:var(--wp--preset--spacing--30);margin-bottom:0;margin-left:var(--wp--preset--spacing--30);padding-top:0;padding-right:0;padding-bottom:0;padding-left:0;font-style:normal;font-weight:500\"><figure class=\"wp-block-media-text__media\"><img loading=\"lazy\" decoding=\"async\" width=\"1200\" height=\"1600\" src=\"https:\/\/yogaauszeit.net\/wp-content\/uploads\/2025\/10\/Wasserfall.jpeg\" alt=\"\" class=\"wp-image-87 size-full\" style=\"object-position:47% 84%\" srcset=\"https:\/\/yogaauszeit.net\/wp-content\/uploads\/2025\/10\/Wasserfall.jpeg 1200w, https:\/\/yogaauszeit.net\/wp-content\/uploads\/2025\/10\/Wasserfall-225x300.jpeg 225w, https:\/\/yogaauszeit.net\/wp-content\/uploads\/2025\/10\/Wasserfall-768x1024.jpeg 768w, https:\/\/yogaauszeit.net\/wp-content\/uploads\/2025\/10\/Wasserfall-1152x1536.jpeg 1152w\" sizes=\"auto, (max-width: 1200px) 100vw, 1200px\" \/><\/figure><div class=\"wp-block-media-text__content\">\n<h1 class=\"wp-block-heading has-text-color\" style=\"color:#000000\"><strong>Hey, ich bin&nbsp;Marion!<\/strong><\/h1>\n\n\n\n<h2 class=\"wp-block-heading\">Sch\u00f6n, dass du hier bist!<\/h2>\n\n\n\n<p><strong>Ich bin zertifizierte Yogalehrerin und freue mich, dich kennenzulernen und vielleicht auf deinem Yogaweg begleiten zu d\u00fcrfen\u2026<\/strong><\/p>\n\n\n\n<p><strong>Mich selbst, begleitet Yoga nun schon seit einigen Jahren. Nach meiner allerersten Yogastunde damals, war ich begeistert, was f\u00fcr einen Effekt Yoga auf den K\u00f6rper und den Geist haben kann.<\/strong><\/p>\n\n\n\n<p><strong>Es schafft einen Ort, an dem man zur Ruhe findet und wieder mit sich selbst in Verbindung tritt.<\/strong><\/p>\n\n\n\n<p><strong>Um mein Wissen zu erweitern und noch tiefer in die Materie einzutauchen, habe ich mich dann f\u00fcr eine Ausbildung zur Yogalehrerin entschieden. Erstmal nur f\u00fcr mich selbst, doch schon nach kurzer Zeit war f\u00fcr mich klar, dass ich meine Freude am Yoga auch an andere weitergeben m\u00f6chte.<\/strong><\/p>\n\n\n\n<p><strong>Besonders sch\u00f6n dabei finde ich auch, dass ich dabei meine Kreativit\u00e4t mit einflie\u00dfen und jede Stunde ganz individuell gestalten kann. In meinen Stunden vereine ich flie\u00dfende und statische Elemente mit einer bewussten Atmung.<\/strong><\/p>\n\n\n\n<p><strong>Namaste!<\/strong><\/p>\n<\/div><\/div>\n\n\n\n<div class=\"wp-block-media-text alignwide has-media-on-the-right is-stacked-on-mobile is-vertically-aligned-center is-image-fill-element is-style-default has-background\" style=\"border-style:none;border-width:0px;background-color:#d1d1d1cc;margin-top:var(--wp--preset--spacing--50);margin-right:var(--wp--preset--spacing--30);margin-bottom:var(--wp--preset--spacing--50);margin-left:var(--wp--preset--spacing--30);padding-top:0;padding-right:0;padding-bottom:0;padding-left:0;font-style:normal;font-weight:500;grid-template-columns:auto 37%\"><div class=\"wp-block-media-text__content\">\n<h4 class=\"wp-block-heading\">&#8222;Yoga ist f\u00fcr mich mehr als Bewegung \u2013 es ist eine Haltung zum Leben. Alles, was wir auf der Matte erfahren, darf uns auch im Alltag begleiten: bewusster atmen, mitf\u00fchlender sein, gelassener reagieren, loslassen lernen\u2026.Yoga wirkt weit \u00fcber die Stunde hinaus.&#8220;<\/h4>\n<\/div><figure class=\"wp-block-media-text__media\"><img loading=\"lazy\" decoding=\"async\" width=\"768\" height=\"1024\" src=\"http:\/\/yogaauszeit.net\/wp-content\/uploads\/2025\/11\/Natur-Bild-2-768x1024.jpg\" alt=\"\" class=\"wp-image-244 size-full\" style=\"object-position:62% 55%\" srcset=\"https:\/\/yogaauszeit.net\/wp-content\/uploads\/2025\/11\/Natur-Bild-2-768x1024.jpg 768w, https:\/\/yogaauszeit.net\/wp-content\/uploads\/2025\/11\/Natur-Bild-2-225x300.jpg 225w, https:\/\/yogaauszeit.net\/wp-content\/uploads\/2025\/11\/Natur-Bild-2.jpg 960w\" sizes=\"auto, (max-width: 768px) 100vw, 768px\" \/><\/figure><\/div>\n","protected":false},"excerpt":{"rendered":"<p>Hey, ich bin&nbsp;Marion! Sch\u00f6n, dass du hier bist! Ich bin zertifizierte Yogalehrerin und freue mich, dich kennenzulernen und vielleicht auf [&hellip;]<\/p>\n","protected":false},"author":1,"featured_media":0,"parent":0,"menu_order":0,"comment_status":"closed","ping_status":"closed","template":"","meta":{"site-sidebar-layout":"default","site-content-layout":"","ast-site-content-layout":"default","site-content-style":"default","site-sidebar-style":"default","ast-global-header-display":"","ast-banner-title-visibility":"","ast-main-header-display":"","ast-hfb-above-header-display":"","ast-hfb-below-header-display":"","ast-hfb-mobile-header-display":"","site-post-title":"disabled","ast-breadcrumbs-content":"","ast-featured-img":"","footer-sml-layout":"","ast-disable-related-posts":"","theme-transparent-header-meta":"","adv-header-id-meta":"","stick-header-meta":"","header-above-stick-meta":"","header-main-stick-meta":"","header-below-stick-meta":"","astra-migrate-meta-layouts":"default","ast-page-background-enabled":"default","ast-page-background-meta":{"desktop":{"background-color":"var(--ast-global-color-5)","background-image":"","background-repeat":"repeat","background-position":"center center","background-size":"auto","background-attachment":"scroll","background-type":"","background-media":"","overlay-type":"","overlay-color":"","overlay-opacity":"","overlay-gradient":""},"tablet":{"background-color":"","background-image":"","background-repeat":"repeat","background-position":"center center","background-size":"auto","background-attachment":"scroll","background-type":"","background-media":"","overlay-type":"","overlay-color":"","overlay-opacity":"","overlay-gradient":""},"mobile":{"background-color":"","background-image":"","background-repeat":"repeat","background-position":"center center","background-size":"auto","background-attachment":"scroll","background-type":"","background-media":"","overlay-type":"","overlay-color":"","overlay-opacity":"","overlay-gradient":""}},"ast-content-background-meta":{"desktop":{"background-color":"var(--ast-global-color-4)","background-image":"","background-repeat":"repeat","background-position":"center center","background-size":"auto","background-attachment":"scroll","background-type":"","background-media":"","overlay-type":"","overlay-color":"","overlay-opacity":"","overlay-gradient":""},"tablet":{"background-color":"var(--ast-global-color-4)","background-image":"","background-repeat":"repeat","background-position":"center center","background-size":"auto","background-attachment":"scroll","background-type":"","background-media":"","overlay-type":"","overlay-color":"","overlay-opacity":"","overlay-gradient":""},"mobile":{"background-color":"var(--ast-global-color-4)","background-image":"","background-repeat":"repeat","background-position":"center center","background-size":"auto","background-attachment":"scroll","background-type":"","background-media":"","overlay-type":"","overlay-color":"","overlay-opacity":"","overlay-gradient":""}},"footnotes":""},"class_list":["post-39","page","type-page","status-publish","hentry"],"_links":{"self":[{"href":"https:\/\/yogaauszeit.net\/index.php\/wp-json\/wp\/v2\/pages\/39","targetHints":{"allow":["GET"]}}],"collection":[{"href":"https:\/\/yogaauszeit.net\/index.php\/wp-json\/wp\/v2\/pages"}],"about":[{"href":"https:\/\/yogaauszeit.net\/index.php\/wp-json\/wp\/v2\/types\/page"}],"author":[{"embeddable":true,"href":"https:\/\/yogaauszeit.net\/index.php\/wp-json\/wp\/v2\/users\/1"}],"replies":[{"embeddable":true,"href":"https:\/\/yogaauszeit.net\/index.php\/wp-json\/wp\/v2\/comments?post=39"}],"version-history":[{"count":116,"href":"https:\/\/yogaauszeit.net\/index.php\/wp-json\/wp\/v2\/pages\/39\/revisions"}],"predecessor-version":[{"id":384,"href":"https:\/\/yogaauszeit.net\/index.php\/wp-json\/wp\/v2\/pages\/39\/revisions\/384"}],"wp:attachment":[{"href":"https:\/\/yogaauszeit.net\/index.php\/wp-json\/wp\/v2\/media?parent=39"}],"curies":[{"name":"wp","href":"https:\/\/api.w.org\/{rel}","templated":true}]}}